{"id":147,"date":"2013-03-06T20:17:37","date_gmt":"2013-03-06T19:17:37","guid":{"rendered":"http:\/\/www.compszerviz.hu\/wordpress\/?page_id=147"},"modified":"2018-02-13T15:04:18","modified_gmt":"2018-02-13T14:04:18","slug":"rolunk","status":"publish","type":"page","link":"http:\/\/www.caldera.hu\/","title":{"rendered":"Caldera P\u00e9nz\u00fcgyi \u00e9s Tan\u00e1csad\u00f3 Kft."},"content":{"rendered":"<div class=\"art-content-layout\">\n<div class=\"art-content-layout-row\">\n<div class=\"art-layout-cell layout-item-0\" style=\"width: 100%;\"><span style=\"font-family: Verdana, Geneva, Arial, Helvetica, sans-serif; font-size: 22px; font-weight: bold;\"><span style=\"font-family: Verdana, Geneva, Arial, Helvetica, sans-serif; font-size: 22px; font-weight: bold;\"><br \/>\n<\/span><\/span><\/p>\n<div>\n<p>Az ad\u00f3z\u00e1s\u00a0feladat\u00e1t \u00e1tl\u00e1tni nem egyszer\u0171 feladat, az a\u00a0t\u00e1rsas\u00e1gokt\u00f3l, v\u00e1llalkoz\u00e1sokt\u00f3l\u00a0nem is v\u00e1rhat\u00f3 el, hogy \u00e1tfog\u00f3 k\u00e9p\u00fck legyen az \u00e1lland\u00f3an v\u00e1ltoz\u00f3 ad\u00f3szab\u00e1lyokr\u00f3l. Mi ismerj\u00fck a r\u00e9szleteket, a lehet\u0151s\u00e9geket \u00e9s a kock\u00e1zatokat.<\/p>\n<p>&nbsp;<\/p>\n<p>&nbsp;<\/p>\n<div class=\"clear\"><\/div>\n<div class=\"one-third first\">\n<h1 class=\"cufon first-word double-color \">Kik vagyunk?<\/h1>\n<div class=\"border-frame \" style=\"padding:5px;\"><\/div>\n<p>Az ad\u00f3z\u00e1s\u00a0feladat\u00e1t \u00e1tl\u00e1tni nem egyszer\u0171 feladat, az a\u00a0t\u00e1rsas\u00e1gokt\u00f3l, v\u00e1llalkoz\u00e1sokt\u00f3l\u00a0nem is v\u00e1rhat\u00f3 el, hogy \u00e1tfog\u00f3 k\u00e9p\u00fck legyen az \u00e1lland\u00f3an v\u00e1ltoz\u00f3 ad\u00f3szab\u00e1lyokr\u00f3l. Mi ismerj\u00fck a r\u00e9szleteket, a lehet\u0151s\u00e9geket \u00e9s a kock\u00e1zatokat.<\/p>\n<div class=\"clear\"><\/div>\n<div class=\"sp \"><\/div>\n<\/div>\n<div class=\"one-third\">\n<h1 class=\"cufon first-word double-color \">Mik a c\u00e9ljaink?<\/h1>\n<div class=\"border-frame \" style=\"padding:5px;\"><\/div>\n<p>C\u00e9lunk, hogy olyan sokr\u00e9t\u0171 szolg\u00e1ltat\u00e1st ny\u00fajtsunk, amelyek megfelelnek az \u00fcgyfelek ig\u00e9nyeinek, seg\u00edtik tev\u00e9kenys\u00e9g\u00fcket.<\/p>\n<div class=\"clear\"><\/div>\n<div class=\"sp \"><\/div>\n<\/div>\n<div class=\"one-third\">\n<h1 class=\"cufon first-word double-color \">Mi\u00e9rt v\u00e1lasszon minket?<\/h1>\n<div class=\"border-frame \" style=\"padding:5px;\"><\/div>\n<p>Ha \u00d6n egy megb\u00edzhat\u00f3, az ad\u00f3z\u00e1si szab\u00e1lyokban j\u00e1rtas, naprak\u00e9sz \u00e9s tapasztalt<br \/>\npartnert keres, mi vagyunk azok!<\/p>\n<div class=\"clear\"><\/div>\n<div class=\"sp \"><\/div>\n<\/div>\n<\/div>\n<\/div>\n<\/div>\n<\/div>\n","protected":false},"excerpt":{"rendered":"<p>&#8230;<\/p>\n","protected":false},"author":1,"featured_media":0,"parent":0,"menu_order":2,"comment_status":"closed","ping_status":"open","template":"template-home.php","meta":[],"_links":{"self":[{"href":"http:\/\/www.caldera.hu\/index.php?rest_route=\/wp\/v2\/pages\/147"}],"collection":[{"href":"http:\/\/www.caldera.hu\/index.php?rest_route=\/wp\/v2\/pages"}],"about":[{"href":"http:\/\/www.caldera.hu\/index.php?rest_route=\/wp\/v2\/types\/page"}],"author":[{"embeddable":true,"href":"http:\/\/www.caldera.hu\/index.php?rest_route=\/wp\/v2\/users\/1"}],"replies":[{"embeddable":true,"href":"http:\/\/www.caldera.hu\/index.php?rest_route=%2Fwp%2Fv2%2Fcomments&post=147"}],"version-history":[{"count":14,"href":"http:\/\/www.caldera.hu\/index.php?rest_route=\/wp\/v2\/pages\/147\/revisions"}],"predecessor-version":[{"id":1447,"href":"http:\/\/www.caldera.hu\/index.php?rest_route=\/wp\/v2\/pages\/147\/revisions\/1447"}],"wp:attachment":[{"href":"http:\/\/www.caldera.hu\/index.php?rest_route=%2Fwp%2Fv2%2Fmedia&parent=147"}],"curies":[{"name":"wp","href":"https:\/\/api.w.org\/{rel}","templated":true}]}}